{"id":372,"date":"2025-07-02T22:25:03","date_gmt":"2025-07-02T22:25:03","guid":{"rendered":"https:\/\/higorferraco.com.br\/medtorax\/?page_id=372"},"modified":"2025-07-03T12:59:58","modified_gmt":"2025-07-03T12:59:58","slug":"cirurgia-toracica","status":"publish","type":"page","link":"https:\/\/higorferraco.com.br\/medtorax\/cirurgia-toracica\/","title":{"rendered":"Cirurgia Tor\u00e1cica"},"content":{"rendered":"\t\t<div data-elementor-type=\"wp-page\" data-elementor-id=\"372\" class=\"elementor elementor-372\" data-elementor-post-type=\"page\">\n\t\t\t\t<div class=\"elementor-element elementor-element-2d30a907 e-flex e-con-boxed e-con e-parent\" data-id=\"2d30a907\" data-element_type=\"container\" data-e-type=\"container\" data-settings=\"{&quot;_ob_use_container_extras&quot;:&quot;no&quot;,&quot;_ob_column_hoveranimator&quot;:&quot;no&quot;,&quot;_ob_glider_is_slider&quot;:&quot;no&quot;,&quot;_ob_column_has_pseudo&quot;:&quot;no&quot;}\">\n\t\t\t\t\t<div class=\"e-con-inner\">\n\t\t<div class=\"elementor-element elementor-element-4ae16600 e-con-full e-flex e-con e-child\" data-id=\"4ae16600\" data-element_type=\"container\" data-e-type=\"container\" data-settings=\"{&quot;background_background&quot;:&quot;classic&quot;,&quot;_ob_use_container_extras&quot;:&quot;no&quot;,&quot;_ob_column_hoveranimator&quot;:&quot;no&quot;,&quot;_ob_glider_is_slider&quot;:&quot;no&quot;,&quot;_ob_column_has_pseudo&quot;:&quot;no&quot;}\">\n\t\t\t\t<div class=\"elementor-element elementor-element-78c6aecb ob-harakiri-inherit ob-has-background-overlay elementor-widget elementor-widget-heading\" data-id=\"78c6aecb\" data-element_type=\"widget\" data-e-type=\"widget\" data-settings=\"{&quot;_ob_use_harakiri&quot;:&quot;yes&quot;,&quot;_ob_harakiri_writing_mode&quot;:&quot;inherit&quot;,&quot;_ob_harakiri_text_clip&quot;:&quot;none&quot;,&quot;_ob_perspektive_use&quot;:&quot;no&quot;,&quot;_ob_poopart_use&quot;:&quot;yes&quot;,&quot;_ob_shadough_use&quot;:&quot;no&quot;,&quot;_ob_allow_hoveranimator&quot;:&quot;no&quot;,&quot;_ob_widget_stalker_use&quot;:&quot;no&quot;}\" data-widget_type=\"heading.default\">\n\t\t\t\t<div class=\"elementor-widget-container\">\n\t\t\t\t\t<h2 class=\"elementor-heading-title elementor-size-default\">Cirurgia Tor\u00e1cica<\/h2>\t\t\t\t<\/div>\n\t\t\t\t<\/div>\n\t\t\t\t<\/div>\n\t\t\t\t\t<\/div>\n\t\t\t\t<\/div>\n\t\t<div class=\"elementor-element elementor-element-f4a5ba2 e-flex e-con-boxed e-con e-parent\" data-id=\"f4a5ba2\" data-element_type=\"container\" data-e-type=\"container\" data-settings=\"{&quot;_ob_use_container_extras&quot;:&quot;no&quot;,&quot;_ob_column_hoveranimator&quot;:&quot;no&quot;,&quot;_ob_glider_is_slider&quot;:&quot;no&quot;,&quot;_ob_column_has_pseudo&quot;:&quot;no&quot;}\">\n\t\t\t\t\t<div class=\"e-con-inner\">\n\t\t<div class=\"elementor-element elementor-element-4193fec e-con-full e-flex e-con e-child\" data-id=\"4193fec\" data-element_type=\"container\" data-e-type=\"container\" data-settings=\"{&quot;background_background&quot;:&quot;classic&quot;,&quot;_ob_use_container_extras&quot;:&quot;no&quot;,&quot;_ob_column_hoveranimator&quot;:&quot;no&quot;,&quot;_ob_glider_is_slider&quot;:&quot;no&quot;,&quot;_ob_column_has_pseudo&quot;:&quot;no&quot;}\">\n\t\t\t\t<\/div>\n\t\t<div class=\"elementor-element elementor-element-8f3ee8d e-con-full e-flex e-con e-child\" data-id=\"8f3ee8d\" data-element_type=\"container\" data-e-type=\"container\" data-settings=\"{&quot;_ob_use_container_extras&quot;:&quot;no&quot;,&quot;_ob_column_hoveranimator&quot;:&quot;no&quot;,&quot;_ob_glider_is_slider&quot;:&quot;no&quot;,&quot;_ob_column_has_pseudo&quot;:&quot;no&quot;}\">\n\t\t\t\t<div class=\"elementor-element elementor-element-11e5087 ob-harakiri-inherit ob-has-background-overlay elementor-widget elementor-widget-heading\" data-id=\"11e5087\" data-element_type=\"widget\" data-e-type=\"widget\" data-settings=\"{&quot;_ob_use_harakiri&quot;:&quot;yes&quot;,&quot;_ob_harakiri_writing_mode&quot;:&quot;inherit&quot;,&quot;_ob_harakiri_text_clip&quot;:&quot;none&quot;,&quot;_ob_perspektive_use&quot;:&quot;no&quot;,&quot;_ob_poopart_use&quot;:&quot;yes&quot;,&quot;_ob_shadough_use&quot;:&quot;no&quot;,&quot;_ob_allow_hoveranimator&quot;:&quot;no&quot;,&quot;_ob_widget_stalker_use&quot;:&quot;no&quot;}\" data-widget_type=\"heading.default\">\n\t\t\t\t<div class=\"elementor-widget-container\">\n\t\t\t\t\t<h2 class=\"elementor-heading-title elementor-size-default\">O que \u00e9 Cirurgia Tor\u00e1cica?<\/h2>\t\t\t\t<\/div>\n\t\t\t\t<\/div>\n\t\t\t\t<div class=\"elementor-element elementor-element-2132ed7 ob-harakiri-inherit ob-has-background-overlay elementor-widget elementor-widget-text-editor\" data-id=\"2132ed7\" data-element_type=\"widget\" data-e-type=\"widget\" data-settings=\"{&quot;_ob_use_harakiri&quot;:&quot;yes&quot;,&quot;_ob_harakiri_writing_mode&quot;:&quot;inherit&quot;,&quot;_ob_postman_use&quot;:&quot;no&quot;,&quot;_ob_perspektive_use&quot;:&quot;no&quot;,&quot;_ob_poopart_use&quot;:&quot;yes&quot;,&quot;_ob_shadough_use&quot;:&quot;no&quot;,&quot;_ob_allow_hoveranimator&quot;:&quot;no&quot;,&quot;_ob_widget_stalker_use&quot;:&quot;no&quot;}\" data-widget_type=\"text-editor.default\">\n\t\t\t\t<div class=\"elementor-widget-container\">\n\t\t\t\t\t\t\t\t\t<p data-start=\"326\" data-end=\"613\">A <strong data-start=\"328\" data-end=\"349\">cirurgia tor\u00e1cica<\/strong> \u00e9 a especialidade m\u00e9dica respons\u00e1vel pelo diagn\u00f3stico e tratamento cir\u00fargico das doen\u00e7as que afetam os \u00f3rg\u00e3os localizados dentro do t\u00f3rax \u2014 como <strong data-start=\"495\" data-end=\"544\">pulm\u00f5es, traqueia, br\u00f4nquios, pleura, es\u00f4fago<\/strong> e <strong data-start=\"547\" data-end=\"561\">mediastino<\/strong>, al\u00e9m da <strong data-start=\"571\" data-end=\"590\">parede tor\u00e1cica<\/strong> (costelas e m\u00fasculos).<\/p><p data-start=\"615\" data-end=\"792\">Essa \u00e1rea exige alta precis\u00e3o t\u00e9cnica, dom\u00ednio de tecnologias modernas e uma abordagem integrada com outras especialidades m\u00e9dicas, como pneumologia, oncologia e anestesiologia.<\/p>\t\t\t\t\t\t\t\t<\/div>\n\t\t\t\t<\/div>\n\t\t\t\t<\/div>\n\t\t\t\t\t<\/div>\n\t\t\t\t<\/div>\n\t\t<div class=\"elementor-element elementor-element-ecf38b8 e-flex e-con-boxed e-con e-parent\" data-id=\"ecf38b8\" data-element_type=\"container\" data-e-type=\"container\" data-settings=\"{&quot;_ob_use_container_extras&quot;:&quot;no&quot;,&quot;_ob_column_hoveranimator&quot;:&quot;no&quot;,&quot;_ob_glider_is_slider&quot;:&quot;no&quot;,&quot;_ob_column_has_pseudo&quot;:&quot;no&quot;}\">\n\t\t\t\t\t<div class=\"e-con-inner\">\n\t\t<div class=\"elementor-element elementor-element-0dbab69 e-con-full e-flex e-con e-child\" data-id=\"0dbab69\" data-element_type=\"container\" data-e-type=\"container\" data-settings=\"{&quot;background_background&quot;:&quot;classic&quot;,&quot;_ob_use_container_extras&quot;:&quot;no&quot;,&quot;_ob_column_hoveranimator&quot;:&quot;no&quot;,&quot;_ob_glider_is_slider&quot;:&quot;no&quot;,&quot;_ob_column_has_pseudo&quot;:&quot;no&quot;}\">\n\t\t\t\t<div class=\"elementor-element elementor-element-b74c9df ob-harakiri-inherit ob-has-background-overlay elementor-widget elementor-widget-text-editor\" data-id=\"b74c9df\" data-element_type=\"widget\" data-e-type=\"widget\" data-settings=\"{&quot;_ob_use_harakiri&quot;:&quot;yes&quot;,&quot;_ob_harakiri_writing_mode&quot;:&quot;inherit&quot;,&quot;_ob_postman_use&quot;:&quot;no&quot;,&quot;_ob_perspektive_use&quot;:&quot;no&quot;,&quot;_ob_poopart_use&quot;:&quot;yes&quot;,&quot;_ob_shadough_use&quot;:&quot;no&quot;,&quot;_ob_allow_hoveranimator&quot;:&quot;no&quot;,&quot;_ob_widget_stalker_use&quot;:&quot;no&quot;}\" data-widget_type=\"text-editor.default\">\n\t\t\t\t<div class=\"elementor-widget-container\">\n\t\t\t\t\t\t\t\t\t<h3 data-start=\"799\" data-end=\"841\">Quando procurar um cirurgi\u00e3o tor\u00e1cico?<\/h3><p data-start=\"843\" data-end=\"949\">Voc\u00ea deve procurar um especialista em cirurgia tor\u00e1cica quando h\u00e1 suspeita ou confirma\u00e7\u00e3o de doen\u00e7as como:<\/p><ul data-start=\"951\" data-end=\"1309\"><li data-start=\"951\" data-end=\"972\"><p data-start=\"953\" data-end=\"972\"><strong data-start=\"953\" data-end=\"972\">N\u00f3dulo pulmonar<\/strong><\/p><\/li><li data-start=\"973\" data-end=\"995\"><p data-start=\"975\" data-end=\"995\"><strong data-start=\"975\" data-end=\"995\">C\u00e2ncer de pulm\u00e3o<\/strong><\/p><\/li><li data-start=\"996\" data-end=\"1054\"><p data-start=\"998\" data-end=\"1054\"><strong data-start=\"998\" data-end=\"1054\">Hiperidrose (suor excessivo nas m\u00e3os, axilas ou p\u00e9s)<\/strong><\/p><\/li><li data-start=\"1055\" data-end=\"1096\"><p data-start=\"1057\" data-end=\"1096\"><strong data-start=\"1057\" data-end=\"1096\">Derrame pleural (l\u00edquido na pleura)<\/strong><\/p><\/li><li data-start=\"1097\" data-end=\"1133\"><p data-start=\"1099\" data-end=\"1133\"><strong data-start=\"1099\" data-end=\"1133\">Pneumot\u00f3rax (colapso pulmonar)<\/strong><\/p><\/li><li data-start=\"1134\" data-end=\"1161\"><p data-start=\"1136\" data-end=\"1161\"><strong data-start=\"1136\" data-end=\"1161\">Tumores do mediastino<\/strong><\/p><\/li><li data-start=\"1162\" data-end=\"1201\"><p data-start=\"1164\" data-end=\"1201\"><strong data-start=\"1164\" data-end=\"1201\">Estenose ou obstru\u00e7\u00e3o da traqueia<\/strong><\/p><\/li><li data-start=\"1202\" data-end=\"1275\"><p data-start=\"1204\" data-end=\"1275\"><strong data-start=\"1204\" data-end=\"1239\">Deformidades da parede tor\u00e1cica<\/strong> (como Pectus Excavatum e Carinatum)<\/p><\/li><li data-start=\"1276\" data-end=\"1309\"><p data-start=\"1278\" data-end=\"1309\"><strong data-start=\"1278\" data-end=\"1309\">Fraturas graves de costelas<\/strong><\/p><p>\u00a0<\/p><\/li><\/ul><hr data-start=\"1311\" data-end=\"1314\" \/><h3 data-start=\"1316\" data-end=\"1353\">\u00a0<\/h3><h3 data-start=\"1316\" data-end=\"1353\"><span style=\"color: inherit; font-family: inherit; font-size: 1.75rem;\">Tipos de procedimentos realizados<\/span><\/h3><p data-start=\"1355\" data-end=\"1585\">A MedTorax atua com diversas t\u00e9cnicas cir\u00fargicas, incluindo procedimentos <strong data-start=\"1429\" data-end=\"1454\">minimamente invasivos<\/strong>, como a <strong data-start=\"1463\" data-end=\"1484\">videotoracoscopia<\/strong> (VATS), que permite interven\u00e7\u00f5es com menos dor, menor tempo de interna\u00e7\u00e3o e recupera\u00e7\u00e3o mais r\u00e1pida.<\/p><p data-start=\"1587\" data-end=\"1629\">Principais cirurgias tor\u00e1cicas realizadas:<\/p><ul data-start=\"1631\" data-end=\"1974\"><li data-start=\"1631\" data-end=\"1678\"><p data-start=\"1633\" data-end=\"1678\"><strong data-start=\"1633\" data-end=\"1678\">Ressec\u00e7\u00e3o de n\u00f3dulos e tumores pulmonares<\/strong><\/p><\/li><li data-start=\"1679\" data-end=\"1715\"><p data-start=\"1681\" data-end=\"1715\"><strong data-start=\"1681\" data-end=\"1715\">Cirurgia para c\u00e2ncer de pulm\u00e3o<\/strong><\/p><\/li><li data-start=\"1716\" data-end=\"1772\"><p data-start=\"1718\" data-end=\"1772\"><strong data-start=\"1718\" data-end=\"1744\">Simpatectomia tor\u00e1cica<\/strong> (tratamento da hiperidrose)<\/p><\/li><li data-start=\"1773\" data-end=\"1808\"><p data-start=\"1775\" data-end=\"1808\"><strong data-start=\"1775\" data-end=\"1808\">Drenagem de derrames pleurais<\/strong><\/p><\/li><li data-start=\"1809\" data-end=\"1863\"><p data-start=\"1811\" data-end=\"1863\"><strong data-start=\"1811\" data-end=\"1863\">Cirurgia para corre\u00e7\u00e3o de deformidades tor\u00e1cicas<\/strong><\/p><\/li><li data-start=\"1864\" data-end=\"1908\"><p data-start=\"1866\" data-end=\"1908\"><strong data-start=\"1866\" data-end=\"1908\">Broncoscopia diagn\u00f3stica e terap\u00eautica<\/strong><\/p><\/li><li data-start=\"1909\" data-end=\"1931\"><p data-start=\"1911\" data-end=\"1931\"><strong data-start=\"1911\" data-end=\"1931\">Mediastinoscopia<\/strong><\/p><\/li><li data-start=\"1932\" data-end=\"1974\"><p data-start=\"1934\" data-end=\"1974\"><strong data-start=\"1934\" data-end=\"1974\">Cirurgia para pneumot\u00f3rax recorrente<\/strong><\/p><p>\u00a0<\/p><\/li><\/ul><hr data-start=\"1976\" data-end=\"1979\" \/><h3 data-start=\"1981\" data-end=\"2035\">\u00a0<\/h3><h3 data-start=\"1981\" data-end=\"2035\">Cirurgia Tor\u00e1cica com excel\u00eancia no Esp\u00edrito Santo<\/h3><p data-start=\"2037\" data-end=\"2209\">Na <strong data-start=\"2040\" data-end=\"2052\">MedTorax<\/strong>, contamos com uma equipe de cirurgi\u00f5es tor\u00e1cicos experientes e estrutura completa para oferecer o melhor atendimento em cirurgia tor\u00e1cica no Esp\u00edrito Santo.<\/p><p data-start=\"2211\" data-end=\"2315\">Trabalhamos com precis\u00e3o, \u00e9tica e cuidado humanizado, utilizando as melhores pr\u00e1ticas da medicina atual.<\/p><p data-start=\"2317\" data-end=\"2451\">Se voc\u00ea ou algu\u00e9m pr\u00f3ximo foi diagnosticado com uma condi\u00e7\u00e3o tor\u00e1cica ou pulmonar, agende uma consulta com um de nossos especialistas.<\/p>\t\t\t\t\t\t\t\t<\/div>\n\t\t\t\t<\/div>\n\t\t\t\t<\/div>\n\t\t\t\t\t<\/div>\n\t\t\t\t<\/div>\n\t\t<div class=\"elementor-element elementor-element-fe913ee e-flex e-con-boxed e-con e-parent\" data-id=\"fe913ee\" data-element_type=\"container\" data-e-type=\"container\" data-settings=\"{&quot;_ob_use_container_extras&quot;:&quot;no&quot;,&quot;_ob_column_hoveranimator&quot;:&quot;no&quot;,&quot;_ob_glider_is_slider&quot;:&quot;no&quot;,&quot;_ob_column_has_pseudo&quot;:&quot;no&quot;}\">\n\t\t\t\t\t<div class=\"e-con-inner\">\n\t\t<div class=\"elementor-element elementor-element-e78d6bf e-con-full e-flex e-con e-child\" data-id=\"e78d6bf\" data-element_type=\"container\" data-e-type=\"container\" data-settings=\"{&quot;background_background&quot;:&quot;classic&quot;,&quot;_ob_use_container_extras&quot;:&quot;no&quot;,&quot;_ob_column_hoveranimator&quot;:&quot;no&quot;,&quot;_ob_glider_is_slider&quot;:&quot;no&quot;,&quot;_ob_column_has_pseudo&quot;:&quot;no&quot;}\">\n\t\t\t\t<div class=\"elementor-element elementor-element-e92cc3e ob-harakiri-inherit ob-has-background-overlay elementor-widget elementor-widget-text-editor\" data-id=\"e92cc3e\" data-element_type=\"widget\" data-e-type=\"widget\" data-settings=\"{&quot;_ob_use_harakiri&quot;:&quot;yes&quot;,&quot;_ob_harakiri_writing_mode&quot;:&quot;inherit&quot;,&quot;_ob_postman_use&quot;:&quot;no&quot;,&quot;_ob_perspektive_use&quot;:&quot;no&quot;,&quot;_ob_poopart_use&quot;:&quot;yes&quot;,&quot;_ob_shadough_use&quot;:&quot;no&quot;,&quot;_ob_allow_hoveranimator&quot;:&quot;no&quot;,&quot;_ob_widget_stalker_use&quot;:&quot;no&quot;}\" data-widget_type=\"text-editor.default\">\n\t\t\t\t<div class=\"elementor-widget-container\">\n\t\t\t\t\t\t\t\t\t<h3 data-start=\"2458\" data-end=\"2482\">Agende sua avalia\u00e7\u00e3o<\/h3><p data-start=\"2484\" data-end=\"2646\">\ud83d\udccd Cl\u00ednica MedTorax \u2013 Vit\u00f3ria (ES)<br data-start=\"2518\" data-end=\"2521\" \/>\ud83d\udcde (27)\u202f3026\u20113040 | (27)\u202f99778\u20112612<br data-start=\"2556\" data-end=\"2559\" \/>\ud83d\udcc5 Atendimento com hora marcada<\/p>\t\t\t\t\t\t\t\t<\/div>\n\t\t\t\t<\/div>\n\t\t\t\t<\/div>\n\t\t\t\t\t<\/div>\n\t\t\t\t<\/div>\n\t\t\t\t<\/div>\n\t\t","protected":false},"excerpt":{"rendered":"<p>O que \u00e9 Cirurgia Tor\u00e1cica? A cirurgia tor\u00e1cica \u00e9 a especialidade m\u00e9dica respons\u00e1vel pelo diagn\u00f3stico e tratamento cir\u00fargico das doen\u00e7as que afetam os \u00f3rg\u00e3os localizados dentro do t\u00f3rax \u2014 como pulm\u00f5es, traqueia, br\u00f4nquios, pleura, es\u00f4fago e mediastino, al\u00e9m da parede tor\u00e1cica (costelas e m\u00fasculos). Essa \u00e1rea exige alta precis\u00e3o t\u00e9cnica, dom\u00ednio de tecnologias modernas e [&hellip;]<\/p>\n","protected":false},"author":1,"featured_media":0,"parent":0,"menu_order":0,"comment_status":"closed","ping_status":"closed","template":"elementor_header_footer","meta":{"footnotes":""},"class_list":["post-372","page","type-page","status-publish","hentry"],"_links":{"self":[{"href":"https:\/\/higorferraco.com.br\/medtorax\/wp-json\/wp\/v2\/pages\/372","targetHints":{"allow":["GET"]}}],"collection":[{"href":"https:\/\/higorferraco.com.br\/medtorax\/wp-json\/wp\/v2\/pages"}],"about":[{"href":"https:\/\/higorferraco.com.br\/medtorax\/wp-json\/wp\/v2\/types\/page"}],"author":[{"embeddable":true,"href":"https:\/\/higorferraco.com.br\/medtorax\/wp-json\/wp\/v2\/users\/1"}],"replies":[{"embeddable":true,"href":"https:\/\/higorferraco.com.br\/medtorax\/wp-json\/wp\/v2\/comments?post=372"}],"version-history":[{"count":13,"href":"https:\/\/higorferraco.com.br\/medtorax\/wp-json\/wp\/v2\/pages\/372\/revisions"}],"predecessor-version":[{"id":621,"href":"https:\/\/higorferraco.com.br\/medtorax\/wp-json\/wp\/v2\/pages\/372\/revisions\/621"}],"wp:attachment":[{"href":"https:\/\/higorferraco.com.br\/medtorax\/wp-json\/wp\/v2\/media?parent=372"}],"curies":[{"name":"wp","href":"https:\/\/api.w.org\/{rel}","templated":true}]}}